{"id":228,"date":"2022-07-04T16:23:12","date_gmt":"2022-07-04T16:23:12","guid":{"rendered":"https:\/\/coinslave.org\/monetu-vergas\/"},"modified":"2023-04-19T08:02:14","modified_gmt":"2023-04-19T08:02:14","slug":"monetu-vergas","status":"publish","type":"page","link":"https:\/\/coinslave.org\/lt\/","title":{"rendered":"Coinslave"},"content":{"rendered":"\n<p class=\"has-text-align-center has-large-font-size\"><\/p>\n\n<div class=\"wp-block-columns is-layout-flex wp-container-core-columns-is-layout-1 wp-block-columns-is-layout-flex\">\n<div class=\"wp-block-column is-vertically-aligned-center is-layout-flow wp-block-column-is-layout-flow\">\n<p class=\"has-white-color has-text-color\" style=\"font-size:48px\"><strong><strong>Spar\u010diausios finansin\u0117s operacijos<\/strong> <\/strong><\/p>\n<\/div>\n\n\n\n<div class=\"wp-block-column is-vertically-aligned-center is-layout-flow wp-block-column-is-layout-flow\">\n<figure class=\"wp-block-image size-full\"><img loading=\"lazy\" decoding=\"async\" width=\"1024\" height=\"872\" src=\"https:\/\/coinslave.org\/wp-content\/uploads\/2022\/07\/cards-24-1024x872-1.png\" alt=\"\" class=\"wp-image-25\" srcset=\"https:\/\/coinslave.org\/wp-content\/uploads\/2022\/07\/cards-24-1024x872-1.png 1024w, https:\/\/coinslave.org\/wp-content\/uploads\/2022\/07\/cards-24-1024x872-1-300x255.png 300w, https:\/\/coinslave.org\/wp-content\/uploads\/2022\/07\/cards-24-1024x872-1-768x654.png 768w\" sizes=\"auto, (max-width: 1024px) 100vw, 1024px\" \/><\/figure>\n<\/div>\n<\/div>\n<div class=\"wp-block-image\">\n<figure class=\"aligncenter size-full\"><img loading=\"lazy\" decoding=\"async\" width=\"1404\" height=\"804\" src=\"https:\/\/coinslave.org\/wp-content\/uploads\/2022\/07\/Transactions-efg.png\" alt=\"\" class=\"wp-image-15\" srcset=\"https:\/\/coinslave.org\/wp-content\/uploads\/2022\/07\/Transactions-efg.png 1404w, https:\/\/coinslave.org\/wp-content\/uploads\/2022\/07\/Transactions-efg-300x172.png 300w, https:\/\/coinslave.org\/wp-content\/uploads\/2022\/07\/Transactions-efg-1024x586.png 1024w, https:\/\/coinslave.org\/wp-content\/uploads\/2022\/07\/Transactions-efg-768x440.png 768w\" sizes=\"auto, (max-width: 1404px) 100vw, 1404px\" \/><\/figure><\/div>\n<div style=\"height:100px\" aria-hidden=\"true\" class=\"wp-block-spacer\"><\/div>\n\n<div class=\"wp-block-columns is-layout-flex wp-container-core-columns-is-layout-2 wp-block-columns-is-layout-flex\">\n<div class=\"wp-block-column is-layout-flow wp-block-column-is-layout-flow\">\n<figure class=\"wp-block-image size-full\"><img loading=\"lazy\" decoding=\"async\" width=\"482\" height=\"399\" src=\"https:\/\/coinslave.org\/wp-content\/uploads\/2022\/07\/ervress.png\" alt=\"\" class=\"wp-image-20\" srcset=\"https:\/\/coinslave.org\/wp-content\/uploads\/2022\/07\/ervress.png 482w, https:\/\/coinslave.org\/wp-content\/uploads\/2022\/07\/ervress-300x248.png 300w\" sizes=\"auto, (max-width: 482px) 100vw, 482px\" \/><\/figure>\n<\/div>\n\n\n\n<div class=\"wp-block-column is-vertically-aligned-center is-layout-flow wp-block-column-is-layout-flow\">\n<p class=\"has-text-align-left has-white-color has-text-color has-large-font-size\">100% saugumo, 100% anonimi\u0161kumo, 100% neteis\u0117t\u0173 pavedim\u0173 pinigais ir kriptovaliuta!<\/p>\n<\/div>\n<\/div>\n\n<div style=\"height:100px\" aria-hidden=\"true\" class=\"wp-block-spacer\"><\/div>\n\n<div class=\"wp-block-columns is-layout-flex wp-container-core-columns-is-layout-3 wp-block-columns-is-layout-flex\">\n<div class=\"wp-block-column is-vertically-aligned-center is-layout-flow wp-block-column-is-layout-flow\">\n<p class=\"has-text-align-left has-white-color has-text-color has-large-font-size\">Coinslave: vergauja jums, kad gal\u0117tum\u0117te saugiai disponuoti savo neteis\u0117tomis l\u0117\u0161omis, tradicini\u0173 pinig\u0173 ir kriptovaliutos pavidalu!<\/p>\n<\/div>\n\n\n\n<div class=\"wp-block-column is-layout-flow wp-block-column-is-layout-flow\">\n<figure class=\"wp-block-image size-full\"><img loading=\"lazy\" decoding=\"async\" width=\"754\" height=\"391\" src=\"https:\/\/coinslave.org\/wp-content\/uploads\/2022\/07\/wedgt.png\" alt=\"\" class=\"wp-image-21\" srcset=\"https:\/\/coinslave.org\/wp-content\/uploads\/2022\/07\/wedgt.png 754w, https:\/\/coinslave.org\/wp-content\/uploads\/2022\/07\/wedgt-300x156.png 300w\" sizes=\"auto, (max-width: 754px) 100vw, 754px\" \/><\/figure>\n<\/div>\n<\/div>\n\n<div style=\"height:204px\" aria-hidden=\"true\" class=\"wp-block-spacer\"><\/div>\n","protected":false},"excerpt":{"rendered":"<p>Spar\u010diausios finansin\u0117s operacijos 100% saugumo, 100% anonimi\u0161kumo, 100% neteis\u0117t\u0173 pavedim\u0173 pinigais ir kriptovaliuta! Coinslave: vergauja jums, kad gal\u0117tum\u0117te saugiai disponuoti savo neteis\u0117tomis l\u0117\u0161omis, tradicini\u0173 pinig\u0173 ir kriptovaliutos pavidalu!<\/p>\n","protected":false},"author":2,"featured_media":0,"parent":0,"menu_order":0,"comment_status":"closed","ping_status":"closed","template":"","meta":{"footnotes":""},"class_list":["post-228","page","type-page","status-publish","hentry"],"_links":{"self":[{"href":"https:\/\/coinslave.org\/lt\/wp-json\/wp\/v2\/pages\/228","targetHints":{"allow":["GET"]}}],"collection":[{"href":"https:\/\/coinslave.org\/lt\/wp-json\/wp\/v2\/pages"}],"about":[{"href":"https:\/\/coinslave.org\/lt\/wp-json\/wp\/v2\/types\/page"}],"author":[{"embeddable":true,"href":"https:\/\/coinslave.org\/lt\/wp-json\/wp\/v2\/users\/2"}],"replies":[{"embeddable":true,"href":"https:\/\/coinslave.org\/lt\/wp-json\/wp\/v2\/comments?post=228"}],"version-history":[{"count":5,"href":"https:\/\/coinslave.org\/lt\/wp-json\/wp\/v2\/pages\/228\/revisions"}],"predecessor-version":[{"id":233,"href":"https:\/\/coinslave.org\/lt\/wp-json\/wp\/v2\/pages\/228\/revisions\/233"}],"wp:attachment":[{"href":"https:\/\/coinslave.org\/lt\/wp-json\/wp\/v2\/media?parent=228"}],"curies":[{"name":"wp","href":"https:\/\/api.w.org\/{rel}","templated":true}]}}